{"id":696,"date":"2016-08-19T04:06:52","date_gmt":"2016-08-19T02:06:52","guid":{"rendered":"https:\/\/www.franc-patarabet.com\/fr\/product\/millesime-vv2009\/"},"modified":"2019-07-08T23:53:27","modified_gmt":"2019-07-08T21:53:27","slug":"millesime-vv2009","status":"publish","type":"product","link":"https:\/\/www.franc-patarabet.com\/fr\/product\/millesime-vv2009\/","title":{"rendered":"Mill\u00e9sime 2009"},"content":{"rendered":"<p>Ch\u00e2teau Franc Patarabet &#8211; Mill\u00e9sime 2009 &#8211; Cuv\u00e9e Vieilles vignes Saint \u00c9milion Grand Cru &#8211; Bouteille 75cl<\/p>\n","protected":false},"excerpt":{"rendered":"<p>Ch\u00e2teau Franc Patarabet &#8211; Mill\u00e9sime 2009 &#8211; Cuv\u00e9e Vieilles vignes Saint \u00c9milion Grand Cru &#8211; Bouteille 75cl<\/p>\n","protected":false},"featured_media":637,"template":"","meta":[],"product_brand":[],"product_cat":[358,370],"product_tag":[],"class_list":{"0":"post-696","1":"product","2":"type-product","3":"status-publish","4":"has-post-thumbnail","6":"product_cat-bouteilles","7":"product_cat-cuvee-vieilles-vignes","8":"pa_col-1-fr","9":"pa_cuvee-vv-fr","10":"pa_millesime-2009-fr","12":"first","13":"outofstock","14":"shipping-taxable","15":"purchasable","16":"product-type-simple"},"_links":{"self":[{"href":"https:\/\/www.franc-patarabet.com\/fr\/wp-json\/wp\/v2\/product\/696","targetHints":{"allow":["GET"]}}],"collection":[{"href":"https:\/\/www.franc-patarabet.com\/fr\/wp-json\/wp\/v2\/product"}],"about":[{"href":"https:\/\/www.franc-patarabet.com\/fr\/wp-json\/wp\/v2\/types\/product"}],"version-history":[{"count":0,"href":"https:\/\/www.franc-patarabet.com\/fr\/wp-json\/wp\/v2\/product\/696\/revisions"}],"wp:featuredmedia":[{"embeddable":true,"href":"https:\/\/www.franc-patarabet.com\/fr\/wp-json\/wp\/v2\/media\/637"}],"wp:attachment":[{"href":"https:\/\/www.franc-patarabet.com\/fr\/wp-json\/wp\/v2\/media?parent=696"}],"wp:term":[{"taxonomy":"product_brand","embeddable":true,"href":"https:\/\/www.franc-patarabet.com\/fr\/wp-json\/wp\/v2\/product_brand?post=696"},{"taxonomy":"product_cat","embeddable":true,"href":"https:\/\/www.franc-patarabet.com\/fr\/wp-json\/wp\/v2\/product_cat?post=696"},{"taxonomy":"product_tag","embeddable":true,"href":"https:\/\/www.franc-patarabet.com\/fr\/wp-json\/wp\/v2\/product_tag?post=696"}],"curies":[{"name":"wp","href":"https:\/\/api.w.org\/{rel}","templated":true}]}}