{"id":60580,"date":"2021-09-02T18:07:13","date_gmt":"2021-09-02T16:07:13","guid":{"rendered":"https:\/\/www.franc-patarabet.com\/?post_type=product&#038;p=60580"},"modified":"2023-11-08T22:05:10","modified_gmt":"2023-11-08T20:05:10","slug":"primeur-2020","status":"publish","type":"product","link":"https:\/\/www.franc-patarabet.com\/fr\/product\/primeur-2020\/","title":{"rendered":"2020 en primeurs &#8211; Offre 12 Bouteilles (75cl) &#8211; Livraison Juillet 2022"},"content":{"rendered":"<p>Offre Primeur pour notre mill\u00e9sime 2020 cuv\u00e9e L\u00e9opold.<\/p>\n<p>La livraison est pr\u00e9vue en Juillet 2022.<\/p>\n","protected":false},"excerpt":{"rendered":"<p>description rapide<\/p>\n","protected":false},"featured_media":1701,"template":"","meta":[],"product_brand":[],"product_cat":[358,394,162,249],"product_tag":[],"class_list":{"0":"post-60580","1":"product","2":"type-product","3":"status-publish","4":"has-post-thumbnail","6":"product_cat-bouteilles","7":"product_cat-cuvee-leopold","8":"product_cat-offres-fr","9":"product_cat-primeurs","10":"pa_col-1-fr","11":"pa_cuvee-leopold-fr","12":"pa_millesime-459","14":"first","15":"outofstock","16":"sale","17":"shipping-taxable","18":"purchasable","19":"product-type-simple"},"_links":{"self":[{"href":"https:\/\/www.franc-patarabet.com\/fr\/wp-json\/wp\/v2\/product\/60580","targetHints":{"allow":["GET"]}}],"collection":[{"href":"https:\/\/www.franc-patarabet.com\/fr\/wp-json\/wp\/v2\/product"}],"about":[{"href":"https:\/\/www.franc-patarabet.com\/fr\/wp-json\/wp\/v2\/types\/product"}],"version-history":[{"count":3,"href":"https:\/\/www.franc-patarabet.com\/fr\/wp-json\/wp\/v2\/product\/60580\/revisions"}],"predecessor-version":[{"id":98631,"href":"https:\/\/www.franc-patarabet.com\/fr\/wp-json\/wp\/v2\/product\/60580\/revisions\/98631"}],"wp:featuredmedia":[{"embeddable":true,"href":"https:\/\/www.franc-patarabet.com\/fr\/wp-json\/wp\/v2\/media\/1701"}],"wp:attachment":[{"href":"https:\/\/www.franc-patarabet.com\/fr\/wp-json\/wp\/v2\/media?parent=60580"}],"wp:term":[{"taxonomy":"product_brand","embeddable":true,"href":"https:\/\/www.franc-patarabet.com\/fr\/wp-json\/wp\/v2\/product_brand?post=60580"},{"taxonomy":"product_cat","embeddable":true,"href":"https:\/\/www.franc-patarabet.com\/fr\/wp-json\/wp\/v2\/product_cat?post=60580"},{"taxonomy":"product_tag","embeddable":true,"href":"https:\/\/www.franc-patarabet.com\/fr\/wp-json\/wp\/v2\/product_tag?post=60580"}],"curies":[{"name":"wp","href":"https:\/\/api.w.org\/{rel}","templated":true}]}}