{"id":60569,"date":"2021-09-02T15:12:25","date_gmt":"2021-09-02T13:12:25","guid":{"rendered":"https:\/\/www.franc-patarabet.com\/?post_type=product&#038;p=60569"},"modified":"2022-09-03T10:24:15","modified_gmt":"2022-09-03T08:24:15","slug":"offre-12-bouteilles-cuvee-vieilles-vignes","status":"publish","type":"product","link":"https:\/\/www.franc-patarabet.com\/fr\/product\/offre-12-bouteilles-cuvee-vieilles-vignes\/","title":{"rendered":"Offre 12 Bouteilles, 3 mill\u00e9simes Cuv\u00e9e Vieilles Vignes"},"content":{"rendered":"<p>3 mill\u00e9simes Cuv\u00e9e Vieilles Vignes.<\/p>\n<p>Cette offre comprend 3 bouteilles de 2011 cuv\u00e9e Vieilles Vignes, 6 bouteilles de 2012 cuv\u00e9e Vieilles Vignes et 3 bouteilles de 2014 cuv\u00e9e Vieilles Vignes<\/p>\n","protected":false},"excerpt":{"rendered":"<p>3 mill\u00e9simes Cuv\u00e9e Vieilles Vignes. Cette offre comprend 3 bouteilles de 2011 cuv\u00e9e Vieilles Vignes, 6 bouteilles de 2012 cuv\u00e9e Vieilles Vignes et 3 bouteilles de 2014 cuv\u00e9e Vieilles Vignes<\/p>\n","protected":false},"featured_media":1331,"template":"","meta":[],"product_brand":[],"product_cat":[162],"product_tag":[],"class_list":{"0":"post-60569","1":"product","2":"type-product","3":"status-publish","4":"has-post-thumbnail","6":"product_cat-offres-fr","7":"pa_col-1-fr","8":"pa_cuvee-vv-fr","9":"pa_millesime-2011-fr","10":"pa_millesime-2012-fr","11":"pa_millesime-2014-fr","13":"first","14":"outofstock","15":"sale","16":"shipping-taxable","17":"purchasable","18":"product-type-simple"},"_links":{"self":[{"href":"https:\/\/www.franc-patarabet.com\/fr\/wp-json\/wp\/v2\/product\/60569","targetHints":{"allow":["GET"]}}],"collection":[{"href":"https:\/\/www.franc-patarabet.com\/fr\/wp-json\/wp\/v2\/product"}],"about":[{"href":"https:\/\/www.franc-patarabet.com\/fr\/wp-json\/wp\/v2\/types\/product"}],"version-history":[{"count":1,"href":"https:\/\/www.franc-patarabet.com\/fr\/wp-json\/wp\/v2\/product\/60569\/revisions"}],"predecessor-version":[{"id":60592,"href":"https:\/\/www.franc-patarabet.com\/fr\/wp-json\/wp\/v2\/product\/60569\/revisions\/60592"}],"wp:featuredmedia":[{"embeddable":true,"href":"https:\/\/www.franc-patarabet.com\/fr\/wp-json\/wp\/v2\/media\/1331"}],"wp:attachment":[{"href":"https:\/\/www.franc-patarabet.com\/fr\/wp-json\/wp\/v2\/media?parent=60569"}],"wp:term":[{"taxonomy":"product_brand","embeddable":true,"href":"https:\/\/www.franc-patarabet.com\/fr\/wp-json\/wp\/v2\/product_brand?post=60569"},{"taxonomy":"product_cat","embeddable":true,"href":"https:\/\/www.franc-patarabet.com\/fr\/wp-json\/wp\/v2\/product_cat?post=60569"},{"taxonomy":"product_tag","embeddable":true,"href":"https:\/\/www.franc-patarabet.com\/fr\/wp-json\/wp\/v2\/product_tag?post=60569"}],"curies":[{"name":"wp","href":"https:\/\/api.w.org\/{rel}","templated":true}]}}