{"id":60345,"date":"2021-09-01T23:33:24","date_gmt":"2021-09-01T21:33:24","guid":{"rendered":"https:\/\/www.franc-patarabet.com\/?post_type=product&#038;p=60345"},"modified":"2025-01-05T11:46:40","modified_gmt":"2025-01-05T09:46:40","slug":"millesime-2019","status":"publish","type":"product","link":"https:\/\/www.franc-patarabet.com\/fr\/product\/millesime-2019\/","title":{"rendered":"Mill\u00e9sime 2019"},"content":{"rendered":"<p>Un vin tout en finesse et en harmonie. Belle couleur rubis fonc\u00e9 ; le nez est tr\u00e8s agr\u00e9ablement fruit\u00e9 avec des nuances de fruits rouges finement mac\u00e9r\u00e9s, soulign\u00e9 par des notes douces de vanille ; la bouche est g\u00e9n\u00e9reuse, en attaque on a plaisir \u00e0 retrouver les saveurs fruit\u00e9es qui se prolongent sur une belle structure tannique.<\/p>\n","protected":false},"excerpt":{"rendered":"<p>Le mill\u00e9sime 2019 a commenc\u00e9 par une p\u00e9riode hivernale douce qui s\u2019est sold\u00e9e par un bourgeonnement pr\u00e9coce. Puis sont venues des nuits froides autour de z\u00e9ro jusqu\u2019au milieu du printemps, cependant, sans jamais entra\u00eener un gel endommageant les vignes. Apr\u00e8s ces p\u00e9riodes de \u00ab\u00a0sueurs froides mais pas glac\u00e9es (!!!)\u00a0\u00bb, l\u2019\u00e9t\u00e9 a connu des temp\u00e9ratures \u00e9lev\u00e9es, mais la pluie est intervenu au bon moment tout au long de l\u2019\u00e9t\u00e9, y compris avec quelques averses b\u00e9n\u00e9fiques au d\u00e9but du mois de septembre. Au moment de la r\u00e9colte, la qualit\u00e9 sanitaire des raisins \u00e9tait exceptionnellement bonne. Le mill\u00e9sime 2019 s\u2019inscrit dans la lign\u00e9e des grands mill\u00e9simes, sa qualit\u00e9 la plus remarquable \u00e9tant un \u00e9quilibre \u00e9tonnant : grande maturit\u00e9, richesse de texture et de fra\u00eecheur.<\/p>\n","protected":false},"featured_media":60358,"template":"","meta":[],"product_brand":[],"product_cat":[358,156,356],"product_tag":[],"class_list":{"0":"post-60345","1":"product","2":"type-product","3":"status-publish","4":"has-post-thumbnail","6":"product_cat-bouteilles","7":"product_cat-millesimes-fr","8":"product_cat-saint-emilion-grand-cru","9":"pa_acidtot-2-76-g-l-h2so4","10":"pa_alc-13-5-vol","11":"pa_col-1-fr","12":"pa_cuvee-stemiliongrandcru-fr","13":"pa_ggnote-583","14":"pa_harvestdate-27-septembre-3-octobre","15":"pa_hnote-2-edition-2023","16":"pa_millesime-450","17":"pa_sucreresiduel-0-32-g-l","19":"first","20":"outofstock","21":"shipping-taxable","22":"purchasable","23":"product-type-simple"},"_links":{"self":[{"href":"https:\/\/www.franc-patarabet.com\/fr\/wp-json\/wp\/v2\/product\/60345","targetHints":{"allow":["GET"]}}],"collection":[{"href":"https:\/\/www.franc-patarabet.com\/fr\/wp-json\/wp\/v2\/product"}],"about":[{"href":"https:\/\/www.franc-patarabet.com\/fr\/wp-json\/wp\/v2\/types\/product"}],"version-history":[{"count":2,"href":"https:\/\/www.franc-patarabet.com\/fr\/wp-json\/wp\/v2\/product\/60345\/revisions"}],"predecessor-version":[{"id":92319,"href":"https:\/\/www.franc-patarabet.com\/fr\/wp-json\/wp\/v2\/product\/60345\/revisions\/92319"}],"wp:featuredmedia":[{"embeddable":true,"href":"https:\/\/www.franc-patarabet.com\/fr\/wp-json\/wp\/v2\/media\/60358"}],"wp:attachment":[{"href":"https:\/\/www.franc-patarabet.com\/fr\/wp-json\/wp\/v2\/media?parent=60345"}],"wp:term":[{"taxonomy":"product_brand","embeddable":true,"href":"https:\/\/www.franc-patarabet.com\/fr\/wp-json\/wp\/v2\/product_brand?post=60345"},{"taxonomy":"product_cat","embeddable":true,"href":"https:\/\/www.franc-patarabet.com\/fr\/wp-json\/wp\/v2\/product_cat?post=60345"},{"taxonomy":"product_tag","embeddable":true,"href":"https:\/\/www.franc-patarabet.com\/fr\/wp-json\/wp\/v2\/product_tag?post=60345"}],"curies":[{"name":"wp","href":"https:\/\/api.w.org\/{rel}","templated":true}]}}