{"id":1903,"date":"2023-03-13T00:14:40","date_gmt":"2023-03-12T22:14:40","guid":{"rendered":"https:\/\/www.franc-patarabet.com\/?post_type=product&#038;p=1903"},"modified":"2024-03-18T08:00:24","modified_gmt":"2024-03-18T06:00:24","slug":"millesime-2018-l","status":"publish","type":"product","link":"https:\/\/www.franc-patarabet.com\/fr\/product\/millesime-2018-l\/","title":{"rendered":"Mill\u00e9sime 2018"},"content":{"rendered":"<p>Belle couleur intense avec quelques reflets de prune rouge pourpre. Le nez est complexe avec des notes de baies noires bien m\u00fbres combin\u00e9es avec des \u00e9pices et de la vanille. En bouche, le vin est cors\u00e9 avec beaucoup de fra\u00eecheur autour de ses ar\u00f4mes et de ses tanins. Un beau vin d\u2019\u00e9levage pour un grand mill\u00e9sime Saint-Emilion.<\/p>\n","protected":false},"excerpt":{"rendered":"<p>Tout au long du printemps et du d\u00e9but de l\u2019\u00e9t\u00e9, le temps de 2018 a \u00e9t\u00e9 difficile avec plusieurs fortes temp\u00eates et des pluies torrentielles. Heureusement, les fortes temp\u00eates ont \u00e9pargn\u00e9s les vignobles de Saint-Emilion. De plus, l\u2019arriv\u00e9e d\u2019une p\u00e9riode estivale s\u00e8che et chaude a permis d&rsquo;\u00e9carter tout probl\u00e8me important de mildiou. Un \u00e9t\u00e9 ensoleill\u00e9 sans pluie sur un sol satur\u00e9 d\u2019eau par les pluies printani\u00e8res a permis aux vignes de faire pousser des raisins parfaitement m\u00fbrs. En septembre, nous avons r\u00e9colt\u00e9 un mill\u00e9sime tr\u00e8s \u00e9quilibr\u00e9 avec beaucoup d\u2019ar\u00f4mes et une belle structure. Une heureuse conclusion apr\u00e8s une ann\u00e9e 2017 d\u00e9sastreuse !<\/p>\n","protected":false},"featured_media":4504,"template":"","meta":[],"product_brand":[],"product_cat":[358,394,156],"product_tag":[],"class_list":{"0":"post-1903","1":"product","2":"type-product","3":"status-publish","4":"has-post-thumbnail","6":"product_cat-bouteilles","7":"product_cat-cuvee-leopold","8":"product_cat-millesimes-fr","9":"pa_acidtot-2-91-g-l-h2so4","10":"pa_alc-14-5-vol","11":"pa_col-1-fr","12":"pa_cuvee-leopold-fr","13":"pa_ggnote-594","14":"pa_harvestdate-1er-et-2-octobre","15":"pa_millesime-407","16":"pa_sucreresiduel-0-71-g-l","18":"first","19":"instock","20":"shipping-taxable","21":"purchasable","22":"product-type-simple"},"_links":{"self":[{"href":"https:\/\/www.franc-patarabet.com\/fr\/wp-json\/wp\/v2\/product\/1903","targetHints":{"allow":["GET"]}}],"collection":[{"href":"https:\/\/www.franc-patarabet.com\/fr\/wp-json\/wp\/v2\/product"}],"about":[{"href":"https:\/\/www.franc-patarabet.com\/fr\/wp-json\/wp\/v2\/types\/product"}],"version-history":[{"count":3,"href":"https:\/\/www.franc-patarabet.com\/fr\/wp-json\/wp\/v2\/product\/1903\/revisions"}],"predecessor-version":[{"id":92595,"href":"https:\/\/www.franc-patarabet.com\/fr\/wp-json\/wp\/v2\/product\/1903\/revisions\/92595"}],"wp:featuredmedia":[{"embeddable":true,"href":"https:\/\/www.franc-patarabet.com\/fr\/wp-json\/wp\/v2\/media\/4504"}],"wp:attachment":[{"href":"https:\/\/www.franc-patarabet.com\/fr\/wp-json\/wp\/v2\/media?parent=1903"}],"wp:term":[{"taxonomy":"product_brand","embeddable":true,"href":"https:\/\/www.franc-patarabet.com\/fr\/wp-json\/wp\/v2\/product_brand?post=1903"},{"taxonomy":"product_cat","embeddable":true,"href":"https:\/\/www.franc-patarabet.com\/fr\/wp-json\/wp\/v2\/product_cat?post=1903"},{"taxonomy":"product_tag","embeddable":true,"href":"https:\/\/www.franc-patarabet.com\/fr\/wp-json\/wp\/v2\/product_tag?post=1903"}],"curies":[{"name":"wp","href":"https:\/\/api.w.org\/{rel}","templated":true}]}}