{"id":1768,"date":"2019-09-08T22:44:33","date_gmt":"2019-09-08T20:44:33","guid":{"rendered":"https:\/\/www.franc-patarabet.com\/?post_type=product&#038;p=1768"},"modified":"2020-03-08T21:56:01","modified_gmt":"2020-03-08T19:56:01","slug":"primeur-2018-offre-12-bouteilles","status":"publish","type":"product","link":"https:\/\/www.franc-patarabet.com\/fr\/product\/primeur-2018-offre-12-bouteilles\/","title":{"rendered":"Primeur 2018 &#8211; Offre 12 Bouteilles (75cl) &#8211; Livraison Juillet 2020"},"content":{"rendered":"<p>Offre Primeur pour notre mill\u00e9sime 2018 cuv\u00e9e L\u00e9opold.<\/p>\n<p>La livraison est pr\u00e9vue fin Juin ou Juillet 2020.<\/p>\n","protected":false},"excerpt":{"rendered":"<p>Offre Primeur pour notre mill\u00e9sime 2018 cuv\u00e9e L\u00e9opold. La livraison est pr\u00e9vue fin Juin ou Juillet 2020.<\/p>\n","protected":false},"featured_media":1701,"template":"","meta":[],"product_brand":[],"product_cat":[358,394,162,249],"product_tag":[],"class_list":{"0":"post-1768","1":"product","2":"type-product","3":"status-publish","4":"has-post-thumbnail","6":"product_cat-bouteilles","7":"product_cat-cuvee-leopold","8":"product_cat-offres-fr","9":"product_cat-primeurs","10":"pa_col-1-fr","11":"pa_cuvee-leopold-fr","12":"pa_millesime-407","14":"first","15":"outofstock","16":"shipping-taxable","17":"purchasable","18":"product-type-simple"},"_links":{"self":[{"href":"https:\/\/www.franc-patarabet.com\/fr\/wp-json\/wp\/v2\/product\/1768","targetHints":{"allow":["GET"]}}],"collection":[{"href":"https:\/\/www.franc-patarabet.com\/fr\/wp-json\/wp\/v2\/product"}],"about":[{"href":"https:\/\/www.franc-patarabet.com\/fr\/wp-json\/wp\/v2\/types\/product"}],"version-history":[{"count":1,"href":"https:\/\/www.franc-patarabet.com\/fr\/wp-json\/wp\/v2\/product\/1768\/revisions"}],"predecessor-version":[{"id":1769,"href":"https:\/\/www.franc-patarabet.com\/fr\/wp-json\/wp\/v2\/product\/1768\/revisions\/1769"}],"wp:featuredmedia":[{"embeddable":true,"href":"https:\/\/www.franc-patarabet.com\/fr\/wp-json\/wp\/v2\/media\/1701"}],"wp:attachment":[{"href":"https:\/\/www.franc-patarabet.com\/fr\/wp-json\/wp\/v2\/media?parent=1768"}],"wp:term":[{"taxonomy":"product_brand","embeddable":true,"href":"https:\/\/www.franc-patarabet.com\/fr\/wp-json\/wp\/v2\/product_brand?post=1768"},{"taxonomy":"product_cat","embeddable":true,"href":"https:\/\/www.franc-patarabet.com\/fr\/wp-json\/wp\/v2\/product_cat?post=1768"},{"taxonomy":"product_tag","embeddable":true,"href":"https:\/\/www.franc-patarabet.com\/fr\/wp-json\/wp\/v2\/product_tag?post=1768"}],"curies":[{"name":"wp","href":"https:\/\/api.w.org\/{rel}","templated":true}]}}