{"id":1706,"date":"2023-03-13T00:14:40","date_gmt":"2023-03-12T22:14:40","guid":{"rendered":"https:\/\/www.franc-patarabet.com\/?post_type=product&#038;p=1706"},"modified":"2024-10-24T19:57:25","modified_gmt":"2024-10-24T17:57:25","slug":"millesime-le-2015-mg","status":"publish","type":"product","link":"https:\/\/www.franc-patarabet.com\/fr\/product\/millesime-le-2015-mg\/","title":{"rendered":"Mill\u00e9sime 2015"},"content":{"rendered":"<p>Belle couleur intense. Nez complexe avec des notes de baies noires, de vanille et de bois. Cors\u00e9 avec des tanins concentr\u00e9s.<\/p>\n","protected":false},"excerpt":{"rendered":"<p>En 2015, le printemps a commenc\u00e9 t\u00f4t et a \u00e9t\u00e9 suivi d\u2019un \u00e9t\u00e9 chaud, parfois m\u00eame br\u00fblant. La r\u00e9colte a commenc\u00e9 dans les premiers jours de la seconde moiti\u00e9 de Septembre pour conclure une saison exceptionnelle r\u00e9sultant en un mill\u00e9sime exceptionnel d\u00e9voilant une qualit\u00e9 et un \u00e9quilibre parfaits.<\/p>\n","protected":false},"featured_media":1703,"template":"","meta":[],"product_brand":[],"product_cat":[394,362,156],"product_tag":[],"class_list":{"0":"post-1706","1":"product","2":"type-product","3":"status-publish","4":"has-post-thumbnail","6":"product_cat-cuvee-leopold","7":"product_cat-magnum","8":"product_cat-millesimes-fr","9":"pa_acidtot-3-10-g-l-h2so4","10":"pa_alc-13-5-vol","11":"pa_col-2-fr","12":"pa_cuvee-leopold-fr","13":"pa_ggnote-587","14":"pa_harvestdate-21-28-septembre-et-2-octobre","15":"pa_hnote-1-edition-2019","16":"pa_millesime-2015-fr","17":"pa_prowein-selection-2018","18":"pa_sucreresiduel-0-7-g-l","20":"first","21":"outofstock","22":"shipping-taxable","23":"purchasable","24":"product-type-simple"},"_links":{"self":[{"href":"https:\/\/www.franc-patarabet.com\/fr\/wp-json\/wp\/v2\/product\/1706","targetHints":{"allow":["GET"]}}],"collection":[{"href":"https:\/\/www.franc-patarabet.com\/fr\/wp-json\/wp\/v2\/product"}],"about":[{"href":"https:\/\/www.franc-patarabet.com\/fr\/wp-json\/wp\/v2\/types\/product"}],"version-history":[{"count":3,"href":"https:\/\/www.franc-patarabet.com\/fr\/wp-json\/wp\/v2\/product\/1706\/revisions"}],"predecessor-version":[{"id":92584,"href":"https:\/\/www.franc-patarabet.com\/fr\/wp-json\/wp\/v2\/product\/1706\/revisions\/92584"}],"wp:featuredmedia":[{"embeddable":true,"href":"https:\/\/www.franc-patarabet.com\/fr\/wp-json\/wp\/v2\/media\/1703"}],"wp:attachment":[{"href":"https:\/\/www.franc-patarabet.com\/fr\/wp-json\/wp\/v2\/media?parent=1706"}],"wp:term":[{"taxonomy":"product_brand","embeddable":true,"href":"https:\/\/www.franc-patarabet.com\/fr\/wp-json\/wp\/v2\/product_brand?post=1706"},{"taxonomy":"product_cat","embeddable":true,"href":"https:\/\/www.franc-patarabet.com\/fr\/wp-json\/wp\/v2\/product_cat?post=1706"},{"taxonomy":"product_tag","embeddable":true,"href":"https:\/\/www.franc-patarabet.com\/fr\/wp-json\/wp\/v2\/product_tag?post=1706"}],"curies":[{"name":"wp","href":"https:\/\/api.w.org\/{rel}","templated":true}]}}