{"id":1325,"date":"2018-10-05T22:14:05","date_gmt":"2018-10-05T20:14:05","guid":{"rendered":"https:\/\/www.franc-patarabet.com\/?post_type=product&#038;p=1325"},"modified":"2022-03-06T23:16:23","modified_gmt":"2022-03-06T21:16:23","slug":"millesime-2016","status":"publish","type":"product","link":"https:\/\/www.franc-patarabet.com\/fr\/product\/millesime-2016\/","title":{"rendered":"Mill\u00e9sime 2016"},"content":{"rendered":"<p>Ch\u00e2teau Franc Patarabet &#8211; Mill\u00e9sime 2016 &#8211; Saint \u00c9milion Grand Cru &#8211; Bouteille 75cl<\/p>\n","protected":false},"excerpt":{"rendered":"<p>Ch\u00e2teau Franc Patarabet &#8211; Mill\u00e9sime 2016 &#8211; Saint \u00c9milion Grand Cru &#8211; Bouteille 75cl<\/p>\n","protected":false},"featured_media":1367,"template":"","meta":[],"product_brand":[],"product_cat":[358,156,356],"product_tag":[],"class_list":{"0":"post-1325","1":"product","2":"type-product","3":"status-publish","4":"has-post-thumbnail","6":"product_cat-bouteilles","7":"product_cat-millesimes-fr","8":"product_cat-saint-emilion-grand-cru","9":"pa_col-1-fr","10":"pa_cuvee-stemiliongrandcru-fr","11":"pa_millesime-290","13":"first","14":"outofstock","15":"shipping-taxable","16":"purchasable","17":"product-type-simple"},"_links":{"self":[{"href":"https:\/\/www.franc-patarabet.com\/fr\/wp-json\/wp\/v2\/product\/1325","targetHints":{"allow":["GET"]}}],"collection":[{"href":"https:\/\/www.franc-patarabet.com\/fr\/wp-json\/wp\/v2\/product"}],"about":[{"href":"https:\/\/www.franc-patarabet.com\/fr\/wp-json\/wp\/v2\/types\/product"}],"version-history":[{"count":1,"href":"https:\/\/www.franc-patarabet.com\/fr\/wp-json\/wp\/v2\/product\/1325\/revisions"}],"predecessor-version":[{"id":1327,"href":"https:\/\/www.franc-patarabet.com\/fr\/wp-json\/wp\/v2\/product\/1325\/revisions\/1327"}],"wp:featuredmedia":[{"embeddable":true,"href":"https:\/\/www.franc-patarabet.com\/fr\/wp-json\/wp\/v2\/media\/1367"}],"wp:attachment":[{"href":"https:\/\/www.franc-patarabet.com\/fr\/wp-json\/wp\/v2\/media?parent=1325"}],"wp:term":[{"taxonomy":"product_brand","embeddable":true,"href":"https:\/\/www.franc-patarabet.com\/fr\/wp-json\/wp\/v2\/product_brand?post=1325"},{"taxonomy":"product_cat","embeddable":true,"href":"https:\/\/www.franc-patarabet.com\/fr\/wp-json\/wp\/v2\/product_cat?post=1325"},{"taxonomy":"product_tag","embeddable":true,"href":"https:\/\/www.franc-patarabet.com\/fr\/wp-json\/wp\/v2\/product_tag?post=1325"}],"curies":[{"name":"wp","href":"https:\/\/api.w.org\/{rel}","templated":true}]}}