{"id":91174,"date":"2023-04-01T12:45:00","date_gmt":"2023-04-01T10:45:00","guid":{"rendered":"https:\/\/www.franc-patarabet.com\/?post_type=product&#038;p=91174"},"modified":"2024-11-15T02:44:14","modified_gmt":"2024-11-15T00:44:14","slug":"verticale-cuvee-vieilles-vignes-et-leopold-3-millesimes","status":"publish","type":"product","link":"https:\/\/www.franc-patarabet.com\/en\/product\/verticale-cuvee-vieilles-vignes-et-leopold-3-millesimes\/","title":{"rendered":"Verticale Cuv\u00e9es L\u00e9opold (3 mill\u00e9simes, 12 bouteilles)"},"content":{"rendered":"","protected":false},"excerpt":{"rendered":"","protected":false},"featured_media":81052,"template":"","meta":[],"product_brand":[],"product_cat":[162,575],"product_tag":[],"class_list":{"0":"post-91174","1":"product","2":"type-product","3":"status-publish","4":"has-post-thumbnail","6":"product_cat-offres-fr","7":"product_cat-pack","8":"pa_col-1-fr","9":"pa_millesime-2011-fr","10":"pa_millesime-2014-fr","11":"pa_millesime-2015-fr","13":"first","14":"outofstock","15":"sale","16":"purchasable","17":"product-type-woosb"},"_links":{"self":[{"href":"https:\/\/www.franc-patarabet.com\/en\/wp-json\/wp\/v2\/product\/91174","targetHints":{"allow":["GET"]}}],"collection":[{"href":"https:\/\/www.franc-patarabet.com\/en\/wp-json\/wp\/v2\/product"}],"about":[{"href":"https:\/\/www.franc-patarabet.com\/en\/wp-json\/wp\/v2\/types\/product"}],"version-history":[{"count":4,"href":"https:\/\/www.franc-patarabet.com\/en\/wp-json\/wp\/v2\/product\/91174\/revisions"}],"predecessor-version":[{"id":100911,"href":"https:\/\/www.franc-patarabet.com\/en\/wp-json\/wp\/v2\/product\/91174\/revisions\/100911"}],"wp:featuredmedia":[{"embeddable":true,"href":"https:\/\/www.franc-patarabet.com\/en\/wp-json\/wp\/v2\/media\/81052"}],"wp:attachment":[{"href":"https:\/\/www.franc-patarabet.com\/en\/wp-json\/wp\/v2\/media?parent=91174"}],"wp:term":[{"taxonomy":"product_brand","embeddable":true,"href":"https:\/\/www.franc-patarabet.com\/en\/wp-json\/wp\/v2\/product_brand?post=91174"},{"taxonomy":"product_cat","embeddable":true,"href":"https:\/\/www.franc-patarabet.com\/en\/wp-json\/wp\/v2\/product_cat?post=91174"},{"taxonomy":"product_tag","embeddable":true,"href":"https:\/\/www.franc-patarabet.com\/en\/wp-json\/wp\/v2\/product_tag?post=91174"}],"curies":[{"name":"wp","href":"https:\/\/api.w.org\/{rel}","templated":true}]}}