{"id":85785,"date":"2022-11-23T13:15:14","date_gmt":"2022-11-23T11:15:14","guid":{"rendered":"https:\/\/www.franc-patarabet.com\/?post_type=product&#038;p=85785"},"modified":"2024-09-04T23:19:44","modified_gmt":"2024-09-04T21:19:44","slug":"millesime-2020-demi","status":"publish","type":"product","link":"https:\/\/www.franc-patarabet.com\/en\/product\/millesime-2020-demi\/","title":{"rendered":"Vintage 2020"},"content":{"rendered":"<p>une couleur rubis profond et un nez bien m\u00fbr domin\u00e9 par les fruits rouges \u00e0 noyau. En bouche, le vin est agr\u00e9ablement sucr\u00e9, offrant une texture vive et une attractivit\u00e9 imm\u00e9diate. Les saveurs du ch\u00eane sont savamment int\u00e9gr\u00e9es, permettant aux ar\u00f4mes du vin de s\u2019exprimer parfaitement. Dans l&rsquo;ensemble, ce vin se d\u00e9marque d&rsquo;un mill\u00e9sime radieux, alliant \u00e9l\u00e9gance et profondeur.<\/p>","protected":false},"excerpt":{"rendered":"<p>Comme en 2019, l\u2019hiver 2020 a \u00e9t\u00e9 caract\u00e9ris\u00e9 par son \u00e9tonnante douceur et une tr\u00e8s faible pluviom\u00e9trie en janvier et f\u00e9vrier. La chaleur de mars et d\u2019avril a favoris\u00e9 une tr\u00e8s grande pr\u00e9cocit\u00e9. Le mois de mai a \u00e9t\u00e9 globalement plus chaud qu\u2019en moyenne sauf pendant une p\u00e9riode tr\u00e8s pluvieuse et fraiche au milieu du mois qui a fait craindre un moment \u00e0 une ann\u00e9e difficile. Globalement, avec les douceurs de l\u2019hiver et un printemps dans l\u2019ensemble tr\u00e8s estivale, la premi\u00e8re condition d\u2019un grand mill\u00e9sime, \u00e0 savoir une floraison rapide et homog\u00e8ne, \u00e9tait pour ainsi dire remplie. En juin le temps est plut\u00f4t frais et parfois pluvieux, mais avec l\u2019arriv\u00e9e de juillet, l\u2019\u00e9t\u00e9 s\u2019installe de fa\u00e7on durable avec chaleur et aucune pluie jusque mi-aout. Les pr\u00e9cipitations orageuses de la seconde moiti\u00e9 d\u2019aout apportent une hydrom\u00e9trie b\u00e9n\u00e9fique et le mois de septembre sera sans exc\u00e8s de chaleur ni de pluie jusqu\u2019\u00e0 la derni\u00e8re semaine permettant des vendanges vers le milieu du mois avec de belles maturit\u00e9s.<\/p>","protected":false},"featured_media":81050,"template":"","meta":[],"product_brand":[],"product_cat":[360,156,356],"product_tag":[],"class_list":{"0":"post-85785","1":"product","2":"type-product","3":"status-publish","4":"has-post-thumbnail","6":"product_cat-demi-bouteilles","7":"product_cat-millesimes-fr","8":"product_cat-saint-emilion-grand-cru","9":"pa_acidtot-3-08-g-l-h2so4","10":"pa_alc-13-5-vol","11":"pa_col-0-5-fr","12":"pa_cuvee-stemiliongrandcru-fr","13":"pa_ggnote-594","14":"pa_harvestdate-22-septembre","15":"pa_millesime-459","16":"pa_sucreresiduel-0-39-g-l","18":"first","19":"instock","20":"shipping-taxable","21":"purchasable","22":"product-type-simple"},"_links":{"self":[{"href":"https:\/\/www.franc-patarabet.com\/en\/wp-json\/wp\/v2\/product\/85785","targetHints":{"allow":["GET"]}}],"collection":[{"href":"https:\/\/www.franc-patarabet.com\/en\/wp-json\/wp\/v2\/product"}],"about":[{"href":"https:\/\/www.franc-patarabet.com\/en\/wp-json\/wp\/v2\/types\/product"}],"version-history":[{"count":3,"href":"https:\/\/www.franc-patarabet.com\/en\/wp-json\/wp\/v2\/product\/85785\/revisions"}],"predecessor-version":[{"id":101042,"href":"https:\/\/www.franc-patarabet.com\/en\/wp-json\/wp\/v2\/product\/85785\/revisions\/101042"}],"wp:featuredmedia":[{"embeddable":true,"href":"https:\/\/www.franc-patarabet.com\/en\/wp-json\/wp\/v2\/media\/81050"}],"wp:attachment":[{"href":"https:\/\/www.franc-patarabet.com\/en\/wp-json\/wp\/v2\/media?parent=85785"}],"wp:term":[{"taxonomy":"product_brand","embeddable":true,"href":"https:\/\/www.franc-patarabet.com\/en\/wp-json\/wp\/v2\/product_brand?post=85785"},{"taxonomy":"product_cat","embeddable":true,"href":"https:\/\/www.franc-patarabet.com\/en\/wp-json\/wp\/v2\/product_cat?post=85785"},{"taxonomy":"product_tag","embeddable":true,"href":"https:\/\/www.franc-patarabet.com\/en\/wp-json\/wp\/v2\/product_tag?post=85785"}],"curies":[{"name":"wp","href":"https:\/\/api.w.org\/{rel}","templated":true}]}}