{"id":81051,"date":"2022-09-03T11:28:32","date_gmt":"2022-09-03T09:28:32","guid":{"rendered":"https:\/\/www.franc-patarabet.com\/?post_type=product&#038;p=81051"},"modified":"2026-01-30T00:28:32","modified_gmt":"2026-01-29T22:28:32","slug":"millesime-2020-leo","status":"publish","type":"product","link":"https:\/\/www.franc-patarabet.com\/en\/product\/millesime-2020-leo\/","title":{"rendered":"Vintage 2020"},"content":{"rendered":"<p>Une couleur rubis soutenue. Le nez est plein d\u2019ar\u00f4mes de fruits m\u00fbrs des bois avec quelques notes \u00e9pic\u00e9s. La bouche est riche et enrob\u00e9e par les tannins. La vari\u00e9t\u00e9 aromatique pleine de jeunesse est de nouveau domin\u00e9e par les fruits des bois. Un mill\u00e9sime \u00e0 l\u2019avenir prometteur.<\/p>","protected":false},"excerpt":{"rendered":"<p>Comme en 2019, l\u2019hiver 2020 a \u00e9t\u00e9 caract\u00e9ris\u00e9 par son \u00e9tonnante douceur et une tr\u00e8s faible pluviom\u00e9trie en janvier et f\u00e9vrier. La chaleur de mars et d\u2019avril a favoris\u00e9 une tr\u00e8s grande pr\u00e9cocit\u00e9. Le mois de mai a \u00e9t\u00e9 globalement plus chaud qu\u2019en moyenne sauf pendant une p\u00e9riode tr\u00e8s pluvieuse et fraiche au milieu du mois qui a fait craindre un moment \u00e0 une ann\u00e9e difficile. Globalement, avec les douceurs de l\u2019hiver et un printemps dans l\u2019ensemble tr\u00e8s estivale, la premi\u00e8re condition d\u2019un grand mill\u00e9sime, \u00e0 savoir une floraison rapide et homog\u00e8ne, \u00e9tait pour ainsi dire remplie. En juin le temps est plut\u00f4t frais et parfois pluvieux, mais avec l\u2019arriv\u00e9e de juillet, l\u2019\u00e9t\u00e9 s\u2019installe de fa\u00e7on durable avec chaleur et aucune pluie jusque mi-aout. Les pr\u00e9cipitations orageuses de la seconde moiti\u00e9 d\u2019aout apportent une hydrom\u00e9trie b\u00e9n\u00e9fique et le mois de septembre sera sans exc\u00e8s de chaleur ni de pluie jusqu\u2019\u00e0 la derni\u00e8re semaine permettant des vendanges vers le milieu du mois avec de belles maturit\u00e9s.<\/p>","protected":false},"featured_media":81052,"template":"","meta":[],"product_brand":[],"product_cat":[358,394,156],"product_tag":[],"class_list":{"0":"post-81051","1":"product","2":"type-product","3":"status-publish","4":"has-post-thumbnail","6":"product_cat-bouteilles","7":"product_cat-cuvee-leopold","8":"product_cat-millesimes-fr","9":"pa_acidtot-3-22-g-l-h2so4","10":"pa_alc-13-5-vol","11":"pa_col-1-fr","12":"pa_cuvee-leopold-fr","13":"pa_ggnote-608","14":"pa_harvestdate-22-septembre","15":"pa_millesime-459","16":"pa_sucreresiduel-0-18-g-l","17":"pa_zenote-620","19":"first","20":"instock","21":"shipping-taxable","22":"purchasable","23":"product-type-simple"},"_links":{"self":[{"href":"https:\/\/www.franc-patarabet.com\/en\/wp-json\/wp\/v2\/product\/81051","targetHints":{"allow":["GET"]}}],"collection":[{"href":"https:\/\/www.franc-patarabet.com\/en\/wp-json\/wp\/v2\/product"}],"about":[{"href":"https:\/\/www.franc-patarabet.com\/en\/wp-json\/wp\/v2\/types\/product"}],"version-history":[{"count":3,"href":"https:\/\/www.franc-patarabet.com\/en\/wp-json\/wp\/v2\/product\/81051\/revisions"}],"predecessor-version":[{"id":101018,"href":"https:\/\/www.franc-patarabet.com\/en\/wp-json\/wp\/v2\/product\/81051\/revisions\/101018"}],"wp:featuredmedia":[{"embeddable":true,"href":"https:\/\/www.franc-patarabet.com\/en\/wp-json\/wp\/v2\/media\/81052"}],"wp:attachment":[{"href":"https:\/\/www.franc-patarabet.com\/en\/wp-json\/wp\/v2\/media?parent=81051"}],"wp:term":[{"taxonomy":"product_brand","embeddable":true,"href":"https:\/\/www.franc-patarabet.com\/en\/wp-json\/wp\/v2\/product_brand?post=81051"},{"taxonomy":"product_cat","embeddable":true,"href":"https:\/\/www.franc-patarabet.com\/en\/wp-json\/wp\/v2\/product_cat?post=81051"},{"taxonomy":"product_tag","embeddable":true,"href":"https:\/\/www.franc-patarabet.com\/en\/wp-json\/wp\/v2\/product_tag?post=81051"}],"curies":[{"name":"wp","href":"https:\/\/api.w.org\/{rel}","templated":true}]}}