{"id":700,"date":"2023-03-13T00:14:39","date_gmt":"2023-03-12T22:14:39","guid":{"rendered":"https:\/\/www.franc-patarabet.com\/fr\/product\/millesime-vv2014\/"},"modified":"2024-01-16T23:39:45","modified_gmt":"2024-01-16T21:39:45","slug":"millesime-vv2014","status":"publish","type":"product","link":"https:\/\/www.franc-patarabet.com\/en\/product\/millesime-vv2014\/","title":{"rendered":"Vintage 2014"},"content":{"rendered":"<p>Ch\u00e2teau Franc Patarabet &#8211; Mill\u00e9sime 2014 &#8211; Cuv\u00e9e Vieilles vignes Saint \u00c9milion Grand Cru &#8211; Bouteille 75cl<\/p>","protected":false},"excerpt":{"rendered":"<p>Ch\u00e2teau Franc Patarabet &#8211; Mill\u00e9sime 2014 &#8211; Cuv\u00e9e Vieilles vignes Saint \u00c9milion Grand Cru &#8211; Bouteille 75cl<\/p>","protected":false},"featured_media":1333,"template":"","meta":[],"product_brand":[],"product_cat":[358,370,156],"product_tag":[],"class_list":{"0":"post-700","1":"product","2":"type-product","3":"status-publish","4":"has-post-thumbnail","6":"product_cat-bouteilles","7":"product_cat-cuvee-vieilles-vignes","8":"product_cat-millesimes-fr","9":"pa_col-1-fr","10":"pa_cuvee-vv-fr","11":"pa_millesime-2014-fr","13":"first","14":"outofstock","15":"shipping-taxable","16":"purchasable","17":"product-type-simple"},"_links":{"self":[{"href":"https:\/\/www.franc-patarabet.com\/en\/wp-json\/wp\/v2\/product\/700","targetHints":{"allow":["GET"]}}],"collection":[{"href":"https:\/\/www.franc-patarabet.com\/en\/wp-json\/wp\/v2\/product"}],"about":[{"href":"https:\/\/www.franc-patarabet.com\/en\/wp-json\/wp\/v2\/types\/product"}],"version-history":[{"count":1,"href":"https:\/\/www.franc-patarabet.com\/en\/wp-json\/wp\/v2\/product\/700\/revisions"}],"predecessor-version":[{"id":88696,"href":"https:\/\/www.franc-patarabet.com\/en\/wp-json\/wp\/v2\/product\/700\/revisions\/88696"}],"wp:featuredmedia":[{"embeddable":true,"href":"https:\/\/www.franc-patarabet.com\/en\/wp-json\/wp\/v2\/media\/1333"}],"wp:attachment":[{"href":"https:\/\/www.franc-patarabet.com\/en\/wp-json\/wp\/v2\/media?parent=700"}],"wp:term":[{"taxonomy":"product_brand","embeddable":true,"href":"https:\/\/www.franc-patarabet.com\/en\/wp-json\/wp\/v2\/product_brand?post=700"},{"taxonomy":"product_cat","embeddable":true,"href":"https:\/\/www.franc-patarabet.com\/en\/wp-json\/wp\/v2\/product_cat?post=700"},{"taxonomy":"product_tag","embeddable":true,"href":"https:\/\/www.franc-patarabet.com\/en\/wp-json\/wp\/v2\/product_tag?post=700"}],"curies":[{"name":"wp","href":"https:\/\/api.w.org\/{rel}","templated":true}]}}