{"id":1761,"date":"2023-03-13T00:14:40","date_gmt":"2023-03-12T22:14:40","guid":{"rendered":"https:\/\/www.franc-patarabet.com\/?post_type=product&#038;p=1761"},"modified":"2024-11-15T02:35:46","modified_gmt":"2024-11-15T00:35:46","slug":"millesime-2016leo","status":"publish","type":"product","link":"https:\/\/www.franc-patarabet.com\/en\/product\/millesime-2016leo\/","title":{"rendered":"Vintage 2016"},"content":{"rendered":"<p>Beau rubis profond. Nez tr\u00e8s agr\u00e9able de fruits rouges et de baies noires avec une note bois\u00e9e \u00e9l\u00e9gante. Bouche cors\u00e9e et soyeuse aux tanins polis et aux ar\u00f4mes impeccablement mis en valeur. Un vin de terroir sans artifice.<\/p>","protected":false},"excerpt":{"rendered":"<p>Les conditions m\u00e9t\u00e9orologiques de 2016 ont \u00e9t\u00e9 difficiles, avec beaucoup de pluie et plusieurs fortes attaques de mildiou au printemps, suivies d\u2019un \u00e9t\u00e9 extr\u00eamement sec. Fin ao\u00fbt, beaucoup s\u2019attendaient \u00e0 de faibles volumes de fruits trop secs pour produire un bon vin. Cependant, plusieurs millim\u00e8tres de pluie sont arriv\u00e9s au d\u00e9but de septembre, suivis de journ\u00e9es chaudes, de nuits fra\u00eeches et d\u2019absence de pluie jusqu\u2019\u00e0 la mi-octobre. C\u2019\u00e9tait le cadeau parfait et inattendu de l\u2019ann\u00e9e 2016 qui a permis aux raisins d\u2019atteindre une maturit\u00e9 parfaite et homog\u00e8ne. Un mill\u00e9sime d\u2019exception est n\u00e9 !<\/p>","protected":false},"featured_media":1704,"template":"","meta":[],"product_brand":[],"product_cat":[358,394,156],"product_tag":[],"class_list":{"0":"post-1761","1":"product","2":"type-product","3":"status-publish","4":"has-post-thumbnail","6":"product_cat-bouteilles","7":"product_cat-cuvee-leopold","8":"product_cat-millesimes-fr","9":"pa_acidtot-3-00-g-l-h2so4","10":"pa_alc-14-5-vol","11":"pa_col-1-fr","12":"pa_cuvee-leopold-fr","13":"pa_ggnote-594","14":"pa_harvestdate-5-et-6-octobre","15":"pa_millesime-290","16":"pa_sucreresiduel-1-5-g-l","18":"first","19":"outofstock","20":"shipping-taxable","21":"purchasable","22":"product-type-simple"},"_links":{"self":[{"href":"https:\/\/www.franc-patarabet.com\/en\/wp-json\/wp\/v2\/product\/1761","targetHints":{"allow":["GET"]}}],"collection":[{"href":"https:\/\/www.franc-patarabet.com\/en\/wp-json\/wp\/v2\/product"}],"about":[{"href":"https:\/\/www.franc-patarabet.com\/en\/wp-json\/wp\/v2\/types\/product"}],"version-history":[{"count":3,"href":"https:\/\/www.franc-patarabet.com\/en\/wp-json\/wp\/v2\/product\/1761\/revisions"}],"predecessor-version":[{"id":92591,"href":"https:\/\/www.franc-patarabet.com\/en\/wp-json\/wp\/v2\/product\/1761\/revisions\/92591"}],"wp:featuredmedia":[{"embeddable":true,"href":"https:\/\/www.franc-patarabet.com\/en\/wp-json\/wp\/v2\/media\/1704"}],"wp:attachment":[{"href":"https:\/\/www.franc-patarabet.com\/en\/wp-json\/wp\/v2\/media?parent=1761"}],"wp:term":[{"taxonomy":"product_brand","embeddable":true,"href":"https:\/\/www.franc-patarabet.com\/en\/wp-json\/wp\/v2\/product_brand?post=1761"},{"taxonomy":"product_cat","embeddable":true,"href":"https:\/\/www.franc-patarabet.com\/en\/wp-json\/wp\/v2\/product_cat?post=1761"},{"taxonomy":"product_tag","embeddable":true,"href":"https:\/\/www.franc-patarabet.com\/en\/wp-json\/wp\/v2\/product_tag?post=1761"}],"curies":[{"name":"wp","href":"https:\/\/api.w.org\/{rel}","templated":true}]}}