{"id":1124,"date":"2017-09-10T17:34:12","date_gmt":"2017-09-10T15:34:12","guid":{"rendered":"https:\/\/www.franc-patarabet.com\/?post_type=product&#038;p=1124"},"modified":"2021-11-21T11:27:03","modified_gmt":"2021-11-21T09:27:03","slug":"millesime-2015","status":"publish","type":"product","link":"https:\/\/www.franc-patarabet.com\/en\/product\/millesime-2015\/","title":{"rendered":"Vintage 2015"},"content":{"rendered":"<p>Ch\u00e2teau Franc Patarabet &#8211; Mill\u00e9sime 2015 &#8211; Saint \u00c9milion Grand Cru &#8211; Bouteille 75cl<\/p>","protected":false},"excerpt":{"rendered":"<p>Ch\u00e2teau Franc Patarabet &#8211; Mill\u00e9sime 2015 &#8211; Saint \u00c9milion Grand Cru &#8211; Bouteille 75cl<\/p>","protected":false},"featured_media":1338,"template":"","meta":[],"product_brand":[],"product_cat":[358,156,356],"product_tag":[],"class_list":{"0":"post-1124","1":"product","2":"type-product","3":"status-publish","4":"has-post-thumbnail","6":"product_cat-bouteilles","7":"product_cat-millesimes-fr","8":"product_cat-saint-emilion-grand-cru","9":"pa_col-1-fr","10":"pa_cuvee-stemiliongrandcru-fr","11":"pa_millesime-2015-fr","13":"first","14":"outofstock","15":"shipping-taxable","16":"purchasable","17":"product-type-simple"},"_links":{"self":[{"href":"https:\/\/www.franc-patarabet.com\/en\/wp-json\/wp\/v2\/product\/1124","targetHints":{"allow":["GET"]}}],"collection":[{"href":"https:\/\/www.franc-patarabet.com\/en\/wp-json\/wp\/v2\/product"}],"about":[{"href":"https:\/\/www.franc-patarabet.com\/en\/wp-json\/wp\/v2\/types\/product"}],"version-history":[{"count":0,"href":"https:\/\/www.franc-patarabet.com\/en\/wp-json\/wp\/v2\/product\/1124\/revisions"}],"wp:featuredmedia":[{"embeddable":true,"href":"https:\/\/www.franc-patarabet.com\/en\/wp-json\/wp\/v2\/media\/1338"}],"wp:attachment":[{"href":"https:\/\/www.franc-patarabet.com\/en\/wp-json\/wp\/v2\/media?parent=1124"}],"wp:term":[{"taxonomy":"product_brand","embeddable":true,"href":"https:\/\/www.franc-patarabet.com\/en\/wp-json\/wp\/v2\/product_brand?post=1124"},{"taxonomy":"product_cat","embeddable":true,"href":"https:\/\/www.franc-patarabet.com\/en\/wp-json\/wp\/v2\/product_cat?post=1124"},{"taxonomy":"product_tag","embeddable":true,"href":"https:\/\/www.franc-patarabet.com\/en\/wp-json\/wp\/v2\/product_tag?post=1124"}],"curies":[{"name":"wp","href":"https:\/\/api.w.org\/{rel}","templated":true}]}}