{"id":89345,"date":"2023-03-13T02:10:14","date_gmt":"2023-03-13T00:10:14","guid":{"rendered":"https:\/\/www.franc-patarabet.com\/cart\/"},"modified":"2023-04-03T10:57:42","modified_gmt":"2023-04-03T08:57:42","slug":"cart","status":"publish","type":"page","link":"https:\/\/www.franc-patarabet.com\/en\/cart\/","title":{"rendered":"Cart"},"content":{"rendered":"<div data-elementor-type=\"wp-page\" data-elementor-id=\"89345\" class=\"elementor elementor-89345\" data-elementor-post-type=\"page\">\n\t\t\t\t<div class=\"elementor-element elementor-element-7fb0c67e e-flex e-con-boxed e-con e-parent\" data-id=\"7fb0c67e\" data-element_type=\"container\" data-e-type=\"container\">\n\t\t\t\t\t<div class=\"e-con-inner\">\n\t\t\t\t\t<\/div>\n\t\t\t\t<\/div>\n\t\t\t\t<\/div>","protected":false},"excerpt":{"rendered":"<p>Livraison bouteille calcul\u00e9e1 Livraison bouteille calcul\u00e9e1 Livraison bouteille calcul\u00e9e1 Supprimer l\u2019\u00e9l\u00e9ment Miniature Produit Prix Quantit\u00e9 Sous-total &times; Mill\u00e9simes 2017 &#8211; AOP Saint-EmiliionBouteille (75cl) 11,00&euro; quantit\u00e9 de Mill\u00e9simes 2017 &#8211; AOP Saint-Emiliion 99,00&euro; &times; Mill\u00e9sime 2014Cuv\u00e9e Vieilles-Vignes &#8211; Saint-Emilion Grand CruBouteille (75cl) 19,25&euro; quantit\u00e9 de Mill\u00e9sime 2014 462,00&euro; &times; Mill\u00e9sime 2019Saint-Emilion Grand CruBouteille (75cl) 16,50&euro; quantit\u00e9 [&hellip;]<\/p>\n","protected":false},"author":1,"featured_media":0,"parent":0,"menu_order":0,"comment_status":"closed","ping_status":"closed","template":"","meta":{"footnotes":""},"class_list":["post-89345","page","type-page","status-publish","hentry"],"_links":{"self":[{"href":"https:\/\/www.franc-patarabet.com\/en\/wp-json\/wp\/v2\/pages\/89345","targetHints":{"allow":["GET"]}}],"collection":[{"href":"https:\/\/www.franc-patarabet.com\/en\/wp-json\/wp\/v2\/pages"}],"about":[{"href":"https:\/\/www.franc-patarabet.com\/en\/wp-json\/wp\/v2\/types\/page"}],"author":[{"embeddable":true,"href":"https:\/\/www.franc-patarabet.com\/en\/wp-json\/wp\/v2\/users\/1"}],"replies":[{"embeddable":true,"href":"https:\/\/www.franc-patarabet.com\/en\/wp-json\/wp\/v2\/comments?post=89345"}],"version-history":[{"count":15,"href":"https:\/\/www.franc-patarabet.com\/en\/wp-json\/wp\/v2\/pages\/89345\/revisions"}],"predecessor-version":[{"id":91988,"href":"https:\/\/www.franc-patarabet.com\/en\/wp-json\/wp\/v2\/pages\/89345\/revisions\/91988"}],"wp:attachment":[{"href":"https:\/\/www.franc-patarabet.com\/en\/wp-json\/wp\/v2\/media?parent=89345"}],"curies":[{"name":"wp","href":"https:\/\/api.w.org\/{rel}","templated":true}]}}