{"id":381,"date":"2016-02-18T08:37:59","date_gmt":"2016-02-18T07:37:59","guid":{"rendered":"https:\/\/www.franc-patarabet.com\/wordpresswoocommerce\/?page_id=381"},"modified":"2025-08-31T19:01:16","modified_gmt":"2025-08-31T17:01:16","slug":"conditions-de-vente","status":"publish","type":"page","link":"https:\/\/www.franc-patarabet.com\/en\/conditions-de-vente\/","title":{"rendered":"Conditions G\u00e9n\u00e9rales de vente"},"content":{"rendered":"<div data-elementor-type=\"wp-page\" data-elementor-id=\"381\" class=\"elementor elementor-381\" data-elementor-post-type=\"page\">\n\t\t\t\t\t\t<section class=\"elementor-section elementor-top-section elementor-element elementor-element-776f88b3 elementor-section-boxed elementor-section-height-default elementor-section-height-default\" data-id=\"776f88b3\" data-element_type=\"section\" data-e-type=\"section\">\n\t\t\t\t\t\t<div class=\"elementor-container elementor-column-gap-default\">\n\t\t\t\t\t<div class=\"elementor-column elementor-col-100 elementor-top-column elementor-element elementor-element-78027ec4\" data-id=\"78027ec4\" data-element_type=\"column\" data-e-type=\"column\">\n\t\t\t<div class=\"elementor-widget-wrap elementor-element-populated\">\n\t\t\t\t\t\t<div class=\"elementor-element elementor-element-6dd4c900 elementor-widget elementor-widget-text-editor\" data-id=\"6dd4c900\" data-element_type=\"widget\" data-e-type=\"widget\" data-widget_type=\"text-editor.default\">\n\t\t\t\t<div class=\"elementor-widget-container\">\n\t\t\t\t\t\t\t\t\t<p>Entre la Soci\u00e9t\u00e9 GFA FAURE-BARRAUD, BP72, 33 330 Saint-Emilion, immatricul\u00e9e au Registre du Commerce et des Soci\u00e9t\u00e9s de Libourne sous le num\u00e9ro 323 887 422, repr\u00e9sent\u00e9e par M Pierre-Fran\u00e7ois FAURE, en qualit\u00e9 de g\u00e9rant, d\u00fbment habilit\u00e9 aux fins des pr\u00e9sentes. La soci\u00e9t\u00e9 peut \u00eatre jointe par email via&nbsp;<a href=\"\/en\/2023\/03\/13\/contact-2-6\/\" target=\"_blank\" rel=\"noopener\">ce formulaire de contact<\/a>.<\/p>\n<p>Ci-apr\u00e8s le \u00ab Vendeur \u00bb ou la \u00ab Soci\u00e9t\u00e9 \u00bb.<\/p>\n<p>D\u2019une part,<br>Et la personne physique ou morale proc\u00e9dant \u00e0 l\u2019achat de produits ou services de la soci\u00e9t\u00e9, Ci-apr\u00e8s, \u00ab l\u2019Acheteur \u00bb, ou \u00ab le Client \u00bb<br>D\u2019autre part,<\/p>\n<p>Il a \u00e9t\u00e9 expos\u00e9 et convenu ce qui suit :<\/p>\n<h4><strong>Pr\u00e9ambule<\/strong><\/h4>\n<p>Le Vendeur est producteur de vins du ch\u00e2teau Franc Patarabet&nbsp;exclusivement \u00e0 destination de consommateurs, commercialis\u00e9s, dans le cas pr\u00e9sent, par l\u2019interm\u00e9diaire de son site Internet (http:\/\/www.franc-patarabet.com ) (Ci-apr\u00e8s le \u00ab Site&nbsp;\u00bb).<\/p>\n<h4><strong>Article 1 : Objet<\/strong><\/h4>\n<p>Les pr\u00e9sentes Conditions G\u00e9n\u00e9rales de Vente d\u00e9terminent les droits et obligations des parties dans le cadre de la vente en ligne de Produits propos\u00e9s par le Vendeur.<\/p>\n<h4><strong>Article 2 : Dispositions g\u00e9n\u00e9rales<\/strong><\/h4>\n<p>Les pr\u00e9sentes Conditions G\u00e9n\u00e9rales de Vente (CGV) s\u2019appliquent \u00e0 toutes les ventes de Produits, effectu\u00e9es au travers du Site&nbsp;qui est&nbsp;&nbsp;partie int\u00e9grante du Contrat entre l\u2019Acheteur et le Vendeur.<br>Le Vendeur se r\u00e9serve la possibilit\u00e9 de modifier les pr\u00e9sentes, \u00e0 tout moment par la publication d\u2019une nouvelle version sur le Site. Les CGV applicables alors sont celles \u00e9tant en vigueur \u00e0 la date du paiement (ou du premier paiement en cas de paiements multiples) de la commande. Ces CGV sont consultables sur le site Internet de la Soci\u00e9t\u00e9 \u00e0 l&rsquo;adresse suivante : https:\/\/www.franc-patarabet.com\/conditions-de-vente\/.<br>La Soci\u00e9t\u00e9 s\u2019assure \u00e9galement que leur acceptation soit claire et sans r\u00e9serve en mettant en place une case \u00e0 cocher et un clic de validation : Le Client d\u00e9clare avoir pris connaissance de l\u2019ensemble des pr\u00e9sentes Conditions G\u00e9n\u00e9rales de Vente, et le cas \u00e9ch\u00e9ant des Conditions Particuli\u00e8res de Vente li\u00e9es \u00e0 un produit ou \u00e0 un service, et les accepter sans restriction ni r\u00e9serve.<br>Le Client reconna\u00eet qu\u2019il a b\u00e9n\u00e9fici\u00e9 des conseils et informations n\u00e9cessaires afin de s\u2019assurer de l\u2019ad\u00e9quation de l\u2019offre \u00e0 ses besoins. Le Client d\u00e9clare \u00eatre en mesure de contracter l\u00e9galement en vertu des lois fran\u00e7aises ou valablement repr\u00e9senter la personne physique ou morale pour laquelle il s\u2019engage et qu&rsquo;il <span xml:lang=\"FR-FR\">certifie avoir&nbsp;l&rsquo;\u00e2ge l\u00e9gal pour la consommation d&rsquo;alcool dans son&nbsp;pays de r\u00e9sidence et de livraison<\/span>. Sauf preuve contraire les informations enregistr\u00e9es par la Soci\u00e9t\u00e9 constituent la preuve de l\u2019ensemble des transactions.<\/p>\n<h4><strong>Article 3 : Prix<\/strong><\/h4>\n<p>Les prix des produits vendus au travers du Site sont indiqu\u00e9s en Euros toutes&nbsp;taxes comprises sur les pages de descriptifs des produits sur la page de commande des produits, et hors frais de livraison.<br>Pour tous les produits exp\u00e9di\u00e9s hors Union europ\u00e9enne et\/ou DOM-TOM, le prix est calcul\u00e9 hors taxes automatiquement sur la facture. Des droits de douane ou autres taxes locales ou droits d&rsquo;importation ou taxes d&rsquo;\u00e9tat sont susceptibles d&rsquo;\u00eatre exigibles dans certains cas. Ces droits et sommes ne rel\u00e8vent pas du ressort du Vendeur. Ils seront \u00e0 la charge de l&rsquo;acheteur et rel\u00e8vent de sa responsabilit\u00e9 (d\u00e9clarations, paiement aux autorit\u00e9s comp\u00e9tentes, etc.). Le Vendeur invite \u00e0 ce titre le Client \u00e0 se renseigner sur ces aspects aupr\u00e8s des autorit\u00e9s locales correspondantes. Le Vendeur se r\u00e9serve la possibilit\u00e9 de modifier ses prix \u00e0 tout moment pour l\u2019avenir. Les frais de t\u00e9l\u00e9communication n\u00e9cessaires \u00e0 l\u2019acc\u00e8s aux sites Internet de la Soci\u00e9t\u00e9 sont \u00e0 la charge du Client.<\/p>\n<h4><strong>Article 4 : Frais de port.<\/strong><\/h4>\n<p>Les frais de port sont calcul\u00e9s en fonction d&rsquo;un nombre de col avec la r\u00e8gle suivante 1 col = 1 bouteille de 75cl&nbsp;&nbsp;ou \u00bd magnum ou 2 demi-bouteilles. Ces prix s&rsquo;entendent TTC en un m\u00eame lieu, en une seule livraison par un transporteur.<br><span style=\"background-color: transparent;\">Pour la France m\u00e9tropolitaine (hors Corse) et les pays proches, les frais de port sont d\u00e9crits sur <\/span><a href=\"https:\/\/www.franc-patarabet.com\/en\/2025\/03\/18\/transporteu\/\" target=\"_blank\" rel=\"noopener\">cette page<\/a><span style=\"background-color: transparent;\">.&nbsp;<\/span><\/p>\n<p>Si vous ne trouvez pas votre destination,&nbsp;nous consulter <a style=\"background-color: #f4f3ef;\" href=\"https:\/\/www.franc-patarabet.com\/en\/2023\/03\/13\/contact-2-6\/\" target=\"_blank\" rel=\"noopener\">via la page Contact<\/a><\/p>\n<h4 data-canvas-width=\"163.0858514376997\"><strong>Article 5 : Conclusion du contrat en ligne<\/strong><\/h4>\n<p data-canvas-width=\"163.0858514376997\">Le Client devra suivre une s\u00e9rie d\u2019\u00e9tapes sp\u00e9cifiques \u00e0 chaque Produit vendu&nbsp;par le Vendeur pour pouvoir r\u00e9aliser sa commande. Toutefois, les \u00e9tapes d\u00e9crites ci-apr\u00e8s sont syst\u00e9matiques :<\/p>\n<ul>\n<li data-canvas-width=\"163.0858514376997\">Information sur les caract\u00e9ristiques essentielles du Produit tel que l&rsquo;appellation, la cuv\u00e9e et le mill\u00e9sime;<\/li>\n<li data-canvas-width=\"163.0858514376997\">Choix du Produit;<\/li>\n<li data-canvas-width=\"163.0858514376997\">Informations&nbsp;n\u00e9cessaires \u00e0 la livraison;<\/li>\n<li data-canvas-width=\"163.0858514376997\">Acceptation des pr\u00e9sentes Conditions G\u00e9n\u00e9rales de Vente;<\/li>\n<li data-canvas-width=\"163.0858514376997\">V\u00e9rification des \u00e9l\u00e9ments de la commande et, le cas \u00e9ch\u00e9ant, correction des erreurs;<\/li>\n<li data-canvas-width=\"163.0858514376997\">Suivi des instructions pour le paiement, et paiement des produits.<\/li>\n<li data-canvas-width=\"163.0858514376997\">Livraison des produits. Le Client recevra alors confirmation par courrier \u00e9lectronique du paiement de la commande, ainsi qu\u2019un accus\u00e9 de r\u00e9ception de la commande la confirmant. Il recevra un exemplaire .pdf des pr\u00e9sentes conditions g\u00e9n\u00e9rales de vente. Pour les produits livr\u00e9s, cette livraison se fera \u00e0 l\u2019adresse indiqu\u00e9e par le Client. Aux fins de bonne r\u00e9alisation de la commande, et conform\u00e9ment \u00e0 l\u2019article 1316-1 du Code civil, le Client s\u2019engage \u00e0 fournir ses \u00e9l\u00e9ments d\u2019identification v\u00e9ridiques.<\/li>\n<\/ul>\n<div data-canvas-width=\"163.0858514376997\">Le Vendeur se r\u00e9serve la possibilit\u00e9 de refuser la commande, par exemple pour toute demande anormale, r\u00e9alis\u00e9e de mauvaise foi ou pour tout motif l\u00e9gitime y compris pour un conditionnement non conforme.<\/div>\n<h4 data-canvas-width=\"163.0858514376997\"><strong>Article 6&nbsp;: conditionnement et emballage<\/strong><\/h4>\n<p data-canvas-width=\"163.0858514376997\">Conditionnement en cartons de 12 ou 6 bouteilles, de 6, 3 ou 1 magnums et de 12 demi-bouteilles.<\/p>\n<p>Le panachage des mill\u00e9simes et des cuv\u00e9es est possible en respectant les r\u00e8gles suivantes :<\/p>\n<ul>\n<li>Un total de bouteilles multiple de 6;<\/li>\n<li>Un total de demi-bouteilles multiple de 12;<\/li>\n<li>un nombre de magnums quelconque.<\/li>\n<\/ul>\n<p>Pour plus d&rsquo;informations, n&rsquo;h\u00e9sitez pas \u00e0 nous contacter via la page de <a href=\"https:\/\/www.franc-patarabet.com\/en\/2023\/03\/13\/contact-2-6\/\" target=\"_blank\" rel=\"noopener noreferrer\">contact<\/a>.<\/p>\n<h4><strong>Article 7&nbsp;: Produits.<\/strong><\/h4>\n<p>Les caract\u00e9ristiques essentielles des biens, des services et leurs prix respectifs sont mis \u00e0 disposition de l\u2019acheteur sur les sites Internet de la soci\u00e9t\u00e9. Le client atteste avoir re\u00e7u un d\u00e9tail des frais de livraison ainsi que les modalit\u00e9s de paiement, de livraison et d\u2019ex\u00e9cution du contrat. Le Vendeur s\u2019engage \u00e0 honorer la commande du Client dans la limite des stocks de Produits disponibles uniquement. A d\u00e9faut, le Vendeur en informe le Client. Ces informations contractuelles sont pr\u00e9sent\u00e9es en d\u00e9tail et en langue fran\u00e7aise. Conform\u00e9ment \u00e0 la loi fran\u00e7aise, elles font l\u2019objet d\u2019un r\u00e9capitulatif et d\u2019une confirmation lors de la validation de la commande.<\/p>\n<p data-canvas-width=\"163.0858514376997\">Les parties conviennent que les illustrations ou photos des produits offerts \u00e0 la vente n\u2019ont pas de valeur contractuelle. La dur\u00e9e de validit\u00e9 de l\u2019offre des Produits ainsi que leurs prix est pr\u00e9cis\u00e9e sur les sites Internet de la Soci\u00e9t\u00e9.<\/p>\n<div data-canvas-width=\"163.0858514376997\">\n<h4><strong>Article 8 : Modalit\u00e9s de livraison<\/strong><\/h4>\n<p>Les produits sont livr\u00e9s \u00e0 l&rsquo;adresse de livraison qui a \u00e9t\u00e9 indiqu\u00e9e lors de la commande.<br>le Vendeur s&rsquo;engage \u00e0 mettre tout en \u0153uvre pour que la livraison soit effectu\u00e9e dans les meilleurs d\u00e9lais (de mani\u00e8re g\u00e9n\u00e9rale, la livraison est de 7 jours francs \u00e0 compter de la date de r\u00e9ception du r\u00e8glement) avec un maximum \u00e0 20 Jours.&nbsp;En cas de non r\u00e9ception de la marchandise dans les d\u00e9lais indiqu\u00e9s ci-dessus, le client devra contacter le Vendeur par la page de Contact.<br>En cas de retard de livraison au del\u00e0 de 20 jours, le Client dispose de la possibilit\u00e9 de r\u00e9soudre le contrat dans les conditions et modalit\u00e9s d\u00e9finies \u00e0 l\u2019Article L 138-2 du Code de la consommation. Le Vendeur proc\u00e8de alors au remboursement du produit et aux frais \u00ab aller \u00bb dans les conditions de l\u2019Article L 138-3 du Code de la consommation.<br>Le Vendeur rappelle qu\u2019au moment o\u00f9 le Client pend possession physiquement des produits, les risques de perte ou d\u2019endommagement des produits lui est transf\u00e9r\u00e9. Il appartient au Client de notifier au transporteur toute r\u00e9serves sur le produit livr\u00e9. Lors de la r\u00e9ception de la marchandise par l&rsquo;acheteur, ce dernier devra imp\u00e9rativement, en cas d&rsquo;avarie ou de manquant, \u00e9mettre des r\u00e9serves pr\u00e9cisant la nature et la non-conformit\u00e9 sur le bon de livraison du transporteur et en informer aussit\u00f4t le Vendeur via la page de <a href=\"https:\/\/www.franc-patarabet.com\/en\/2023\/03\/13\/contact-2-6\/\" target=\"_blank\" rel=\"noopener\">Contact<\/a>.<\/p>\n<\/div>\n<h4 data-canvas-width=\"163.0858514376997\"><strong>Article 9 : Disponibilit\u00e9 et Pr\u00e9sentation<\/strong><\/h4>\n<p data-canvas-width=\"163.0858514376997\">Les commandes seront trait\u00e9es dans la limite de nos stocks disponibles ou sous r\u00e9serve des stocks disponibles chez nos fournisseurs (pour les caisses bois en particulier). En cas d\u2019indisponibilit\u00e9 d\u2019un article pour une p\u00e9riode sup\u00e9rieure \u00e0 6&nbsp;jours ouvrables, vous serez imm\u00e9diatement pr\u00e9venu des d\u00e9lais pr\u00e9visibles de livraison et la commande de cet article pourra \u00eatre annul\u00e9e sur simple demande. Le Client pourra alors demander un avoir pour le montant de l\u2019article ou son remboursement.<\/p>\n<div data-canvas-width=\"163.0858514376997\">&nbsp;<\/div>\n<h4 data-canvas-width=\"163.0858514376997\"><strong>Article 10&nbsp;: Paiement<\/strong><\/h4>\n<p data-canvas-width=\"163.0858514376997\">Le paiement est exigible imm\u00e9diatement \u00e0 la commande, y compris pour les produits en primeurs. Le Client peut effectuer le r\u00e8glement par carte de paiement ou virement SEPA. Les cartes \u00e9mises par des banques domicili\u00e9es hors de France doivent obligatoirement \u00eatre des cartes bancaires internationales (Mastercard ou Visa). Le paiement s\u00e9curis\u00e9 en ligne par carte bancaire est r\u00e9alis\u00e9 par notre prestataire de paiement. Les informations bancaires du Client sont transmises directement \u00e0 notre prestataires et ne sont donc pas connues par le Vendeur. .<br>Une fois le paiement lanc\u00e9 par le Client, la transaction est imm\u00e9diatement d\u00e9bit\u00e9e apr\u00e8s v\u00e9rification des informations. Conform\u00e9ment \u00e0 l\u2019article L. 132-2 du Code mon\u00e9taire et financier, l\u2019engagement de payer donn\u00e9 par carte est irr\u00e9vocable. En communiquant ses informations bancaires lors de la vente, le Client autorise le Vendeur \u00e0 d\u00e9biter sa carte du montant relatif au prix indiqu\u00e9. Le Client confirme qu\u2019il est bien le titulaire l\u00e9gal de la carte \u00e0 d\u00e9biter et qu\u2019il est l\u00e9galement en droit d\u2019en faire usage. En cas d\u2019erreur, ou d\u2019impossibilit\u00e9 de d\u00e9biter la carte, la Vente est imm\u00e9diatement r\u00e9solue de plein droit et la commande annul\u00e9e.<\/p>\n<div data-canvas-width=\"163.0858514376997\">&nbsp;<\/div>\n<h4 data-canvas-width=\"163.0858514376997\"><strong>Article 11 : D\u00e9lai de r\u00e9tractation<\/strong><\/h4>\n<p data-canvas-width=\"163.0858514376997\">Conform\u00e9ment \u00e0 l\u2019article L. 121-20 du Code de la consommation, \u00ab le consommateur dispose d\u2019un d\u00e9lai de quatorze jours francs pour exercer son droit de r\u00e9tractation sans avoir \u00e0 justifier de motifs ni \u00e0 payer de p\u00e9nalit\u00e9s, \u00e0 l\u2019exception, le cas \u00e9ch\u00e9ant, des frais de retour \u00bb.<\/p>\n<p data-canvas-width=\"163.0858514376997\">Le droit de r\u00e9tractation peut \u00eatre exerc\u00e9 en contactant la Soci\u00e9t\u00e9 via la page de contact.<br>Nous informons les Clients que conform\u00e9ment \u00e0 l\u2019article L. 121-20-2 du Code de la consommation, ce droit de r\u00e9tractation ne peut \u00eatre exerc\u00e9 pour&nbsp;les conditionnements panach\u00e9s.<br>En cas d\u2019exercice du droit de r\u00e9tractation dans le d\u00e9lai susmentionn\u00e9, seul le prix du ou des produits achet\u00e9s et les frais d\u2019envoi seront rembours\u00e9s, les frais de retour restent \u00e0 la charge du Client.<br>Les retours des produits sont \u00e0 effectuer dans leur \u00e9tat d&rsquo;origine et complets (emballage, accessoires, notice&#8230;) de sorte qu&rsquo;ils puissent \u00eatre recommercialis\u00e9s \u00e0 l\u2019\u00e9tat neuf ; ils doivent si possible \u00eatre accompagn\u00e9s d\u2019une copie du justificatif d&rsquo;achat.<br>Conform\u00e9ment aux dispositions l\u00e9gales, vous trouverez le <a href=\"#link-retractation\" rel=\"noopener noreferrer\">formulaire-type de r\u00e9tractation \u00e0 nous adresser<\/a>.<\/p>\n<p data-canvas-width=\"163.0858514376997\">Le vendeur prendra alors directement contact avec le Client pour les modalit\u00e9s de renvoie des produits.<\/p>\n<p data-canvas-width=\"163.0858514376997\">Les frais de retour sont \u00e0 la charge de l&rsquo;acheteur. La valeur des produits&nbsp;retourn\u00e9s lui sera rembours\u00e9e dans un d\u00e9lai de 30 jours, \u00e0 r\u00e9ception par le vendeur des produits, par ch\u00e8que (\u00e0 l&rsquo;exclusion des frais de transport initiaux).<\/p>\n<div data-canvas-width=\"163.0858514376997\">\n<h4><strong>Article 12&nbsp;: Protection des Mineurs<\/strong><\/h4>\n<p>Aux termes de l&rsquo;ordonnance 59-107 du 7 janvier 1959, et des lois L74-631 du 5 juillet 1974 et L91-32 du 10 janvier 1991, la vente d&rsquo;alcool \u00e0 des mineurs de moins de 16 ans est interdite.<br>Tout client du Vendeur certifie donc avoir \u00e0 minima 16 ans r\u00e9volus \u00e0 la date de la commande s&rsquo;il r\u00e9side en France ou avoir<span xml:lang=\"FR-FR\"><span>&nbsp;l&rsquo;\u00e2ge l\u00e9gal pour la consommation d&rsquo;alcool dans son pays de r\u00e9sidence.<\/span><\/span><\/p>\n<h4><strong>Article 13&nbsp;:&nbsp;Garanties<\/strong><\/h4>\n<p>Le Vendeur&nbsp;est tenue de la garantie l\u00e9gale des vices cach\u00e9s, au sens de l&rsquo;article 1641 et suivants du Code Civil qui dispose : \u00ab\u00a0Le vendeur est tenu de la garantie \u00e0 raison des d\u00e9fauts cach\u00e9s de la chose qui la rendent impropre \u00e0 l&rsquo;usage duquel on la destine, ou qui diminuent tellement cet usage, que l&rsquo;acheteur ne l&rsquo;aurait pas acquise, ou n&rsquo;en aurait donn\u00e9 qu&rsquo;un moindre prix, s&rsquo;il les avait connus\u00a0\u00bb.<br>En cons\u00e9quence, l&rsquo;acheteur a jusqu&rsquo;\u00e0 1&nbsp;mois (\u00e0 partir de la date de livraison) pour faire parvenir sa r\u00e9clamation au vendeur. Au-del\u00e0 de ce d\u00e9lai, le vendeur&nbsp;ne pourra plus garantir les vins puisque aucun contr\u00f4le sur la qualit\u00e9 du lieu de stockage (\u00e9l\u00e9ment essentiel de la conservation du vin) ne peut \u00eatre effectu\u00e9, ou l&rsquo;acheteur devra fournir la preuve que l&rsquo;alt\u00e9ration du vin est ant\u00e9rieure \u00e0 la vente.<br>Afin de permettre au vendeur&nbsp;d&rsquo;expertiser lui-m\u00eame les vins, il est demand\u00e9 \u00e0 l&rsquo;acheteur de bien vouloir les laisser \u00e0 sa disposition ; le vendeur&nbsp;organisera leur enl\u00e8vement \u00e0 ses frais. Si le probl\u00e8me concerne moins de trois&nbsp;bouteilles, l&rsquo;acheteur sera rembours\u00e9 de la valeur des vins d\u00e9fectueux sous forme d&rsquo;avoir. Au-del\u00e0 de trois&nbsp;bouteilles, le remboursement se fera par ch\u00e8que bancaire.<\/p>\n<\/div>\n<h4 data-canvas-width=\"163.0858514376997\"><strong>Article 14 : R\u00e9clamations<\/strong><\/h4>\n<div data-canvas-width=\"163.0858514376997\">Le cas \u00e9ch\u00e9ant, l\u2019Acheteur peut pr\u00e9senter toute r\u00e9clamation en contactant la soci\u00e9t\u00e9 au moyen&nbsp;de la page de <a href=\"https:\/\/www.franc-patarabet.com\/en\/2023\/03\/13\/contact-2-6\/\" target=\"_blank\" rel=\"noopener\">Contact<\/a><\/div>\n<div data-canvas-width=\"163.0858514376997\">&nbsp;<\/div>\n<h4 data-canvas-width=\"163.0858514376997\"><strong>Article 15 : Droits de propri\u00e9t\u00e9 intellectuelle<\/strong><\/h4>\n<div data-canvas-width=\"163.0858514376997\">Les marques, \u00e9tiquettes, noms de domaines, produits, images, vid\u00e9os, textes ou plus g\u00e9n\u00e9ralement toute information objet de droits de propri\u00e9t\u00e9 intellectuelle sont et restent la propri\u00e9t\u00e9 exclusive du vendeur. Aucune cession de droits de propri\u00e9t\u00e9 intellectuelle n\u2019est r\u00e9alis\u00e9e au travers des pr\u00e9sentes CGV. Toute reproduction totale ou partielle, modification ou utilisation de ces biens pour quelque motif que ce soit est strictement interdite.<\/div>\n<div data-canvas-width=\"163.0858514376997\">&nbsp;<\/div>\n<h4 data-canvas-width=\"163.0858514376997\"><strong>Article 16 : Force majeure<\/strong><\/h4>\n<p data-canvas-width=\"163.0858514376997\">L\u2019ex\u00e9cution des obligations du vendeur au terme des pr\u00e9sentes est suspendue en cas de survenance d\u2019un cas fortuit ou de force majeure qui en emp\u00eacherait l\u2019ex\u00e9cution. Le vendeur avisera le client de la survenance d\u2019un tel \u00e9v\u00e8nement d\u00e8s que possible.<\/p>\n<div data-canvas-width=\"163.0858514376997\">&nbsp;<\/div>\n<h4 data-canvas-width=\"163.0858514376997\"><strong>Article 17 : nullit\u00e9 et modification du contrat<\/strong><\/h4>\n<div data-canvas-width=\"163.0858514376997\">Si l\u2019une des stipulations du pr\u00e9sent contrat \u00e9tait annul\u00e9e, cette nullit\u00e9 n\u2019entra\u00eenerait pas la nullit\u00e9 des autres stipulations qui demeureront en vigueur entre les parties. Toute modification contractuelle n\u2019est valable qu\u2019apr\u00e8s un accord \u00e9crit et sign\u00e9 des parties.<\/div>\n<div data-canvas-width=\"163.0858514376997\">&nbsp;<\/div>\n<h4 data-canvas-width=\"163.0858514376997\"><strong>Article 18 : Protection des donn\u00e9es personnelles<\/strong><\/h4>\n<div data-canvas-width=\"163.0858514376997\">Conform\u00e9ment \u00e0 la Loi Informatique et Libert\u00e9s du 6 janvier 1978, vous disposez des droits d\u2019interrogation, d\u2019acc\u00e8s, de modification, d\u2019opposition et de rectification sur les donn\u00e9es personnelles vous concernant. En adh\u00e9rant \u00e0 ces conditions g\u00e9n\u00e9rales de vente, vous consentez \u00e0 ce que nous collections et utilisions ces donn\u00e9es pour la r\u00e9alisation du pr\u00e9sent contrat. En saisissant votre adresse email sur le site, vous recevrez des emails contenant des informations et des offres promotionnelles concernant notre propri\u00e9t\u00e9. Vous pouvez vous d\u00e9sinscrire \u00e0 tout instant. Il vous suffit pour cela de cliquer sur le lien pr\u00e9sent \u00e0 la fin de nos emails ou de contacter le responsable du traitement par lettre RAR.<\/div>\n<div data-canvas-width=\"163.0858514376997\">&nbsp;<\/div>\n<h4 data-canvas-width=\"163.0858514376997\"><strong>Article 20 : Droit applicable<\/strong><\/h4>\n<div data-canvas-width=\"163.0858514376997\">Toutes les clauses figurant dans les pr\u00e9sentes conditions g\u00e9n\u00e9rales de vente, ainsi que toutes les op\u00e9rations d\u2019achat et de vente qui y sont vis\u00e9es, seront soumises au droit fran\u00e7ais.<\/div>\n<h2 style=\"text-align: center;\">&nbsp;<\/h2>\n<p><\/p>\n<p>Je remercie tout particuli\u00e8rement le site&nbsp;<a href=\"http:\/\/www.donneespersonnelles.fr\/un-modele-de-conditions-generales-de-ventes-libre-et-gratuit\">http:\/\/www.donneespersonnelles.fr<\/a>&nbsp;qui offre le mod\u00e8le libre et gratuit ayant servi de base \u00e0 ces conditions g\u00e9n\u00e9rales.<\/p>\n<p><\/p>\t\t\t\t\t\t\t\t<\/div>\n\t\t\t\t<\/div>\n\t\t\t\t\t<\/div>\n\t\t<\/div>\n\t\t\t\t\t<\/div>\n\t\t<\/section>\n\t\t\t\t<\/div>","protected":false},"excerpt":{"rendered":"<p>Entre la Soci\u00e9t\u00e9 GFA FAURE-BARRAUD, BP72, 33 330 Saint-Emilion, immatricul\u00e9e au Registre du Commerce et des Soci\u00e9t\u00e9s de Libourne sous le num\u00e9ro 323 887 422, repr\u00e9sent\u00e9e par M Pierre-Fran\u00e7ois FAURE, en qualit\u00e9 de g\u00e9rant, d\u00fbment habilit\u00e9 aux fins des pr\u00e9sentes. La soci\u00e9t\u00e9 peut \u00eatre jointe par email via&nbsp;ce formulaire de contact. Ci-apr\u00e8s le \u00ab Vendeur [&hellip;]<\/p>\n","protected":false},"author":1,"featured_media":0,"parent":0,"menu_order":0,"comment_status":"closed","ping_status":"closed","template":"","meta":{"footnotes":""},"class_list":["post-381","page","type-page","status-publish","hentry"],"_links":{"self":[{"href":"https:\/\/www.franc-patarabet.com\/en\/wp-json\/wp\/v2\/pages\/381","targetHints":{"allow":["GET"]}}],"collection":[{"href":"https:\/\/www.franc-patarabet.com\/en\/wp-json\/wp\/v2\/pages"}],"about":[{"href":"https:\/\/www.franc-patarabet.com\/en\/wp-json\/wp\/v2\/types\/page"}],"author":[{"embeddable":true,"href":"https:\/\/www.franc-patarabet.com\/en\/wp-json\/wp\/v2\/users\/1"}],"replies":[{"embeddable":true,"href":"https:\/\/www.franc-patarabet.com\/en\/wp-json\/wp\/v2\/comments?post=381"}],"version-history":[{"count":42,"href":"https:\/\/www.franc-patarabet.com\/en\/wp-json\/wp\/v2\/pages\/381\/revisions"}],"predecessor-version":[{"id":102557,"href":"https:\/\/www.franc-patarabet.com\/en\/wp-json\/wp\/v2\/pages\/381\/revisions\/102557"}],"wp:attachment":[{"href":"https:\/\/www.franc-patarabet.com\/en\/wp-json\/wp\/v2\/media?parent=381"}],"curies":[{"name":"wp","href":"https:\/\/api.w.org\/{rel}","templated":true}]}}